{"id":2230,"date":"2026-02-16T07:27:10","date_gmt":"2026-02-16T07:27:10","guid":{"rendered":"https:\/\/demo.scoutseurope-boulogne.fr\/?page_id=2230"},"modified":"2026-02-16T09:29:32","modified_gmt":"2026-02-16T09:29:32","slug":"pedagogie-valeurs","status":"publish","type":"page","link":"https:\/\/demo.scoutseurope-boulogne.fr\/?page_id=2230","title":{"rendered":"P\u00e9dagogie &#038; valeurs"},"content":{"rendered":"\t\t<div data-elementor-type=\"wp-page\" data-elementor-id=\"2230\" class=\"elementor elementor-2230\">\n\t\t\t\t<div class=\"elementor-element elementor-element-afa0749 e-flex e-con-boxed e-con e-parent\" data-id=\"afa0749\" data-element_type=\"container\">\n\t\t\t\t\t<div class=\"e-con-inner\">\n\t\t\t\t<div class=\"elementor-element elementor-element-5a7efa3 elementor-widget elementor-widget-wpo-khairah_title\" data-id=\"5a7efa3\" data-element_type=\"widget\" data-settings=\"{&quot;title_shape&quot;:{&quot;url&quot;:&quot;https:\\\/\\\/demo.scoutseurope-boulogne.fr\\\/wp-content\\\/plugins\\\/elementor\\\/assets\\\/images\\\/placeholder.png&quot;,&quot;id&quot;:&quot;&quot;,&quot;size&quot;:&quot;&quot;}}\" data-widget_type=\"wpo-khairah_title.default\">\n\t\t\t\t<div class=\"elementor-widget-container\">\n\t\t\t\t\t\t\t<div class=\"container\">\n\t\t\t<div class=\"row justify-content-center section-title-area\">\n\t\t\t\t<div class=\"col-lg-6\">\n\t\t\t\t\t<div class=\"section-title section-title2 text-center\">\n\t\t\t\t\t\t<div class=\"thumb-text\" >\n\t\t\t\t\t\t\t<span>Une m\u00e9thode \u00e9prouv\u00e9e<\/span>\t\t\t\t\t\t<\/div>\n\t\t\t\t\t\t<h2>P\u00e9dagogie &amp; valeurs<\/h2>\t\t\t\t\t<\/div>\n\t\t\t\t<\/div>\n\t\t\t<\/div>\n\t\t<\/div>\n\t\t\t\t<\/div>\n\t\t\t\t<\/div>\n\t\t\t\t\t<\/div>\n\t\t\t\t<\/div>\n\t\t\t\t<\/div>\n\t\t","protected":false},"excerpt":{"rendered":"Une m\u00e9thode \u00e9prouv\u00e9e P\u00e9dagogie &amp; valeurs","protected":false},"author":1,"featured_media":0,"parent":0,"menu_order":0,"comment_status":"closed","ping_status":"closed","template":"","meta":{"give_campaign_id":0,"inline_featured_image":false,"_monsterinsights_skip_tracking":false,"_monsterinsights_sitenote_active":false,"_monsterinsights_sitenote_note":"","_monsterinsights_sitenote_category":0,"footnotes":""},"class_list":["post-2230","page","type-page","status-publish","hentry"],"aioseo_notices":[],"campaignId":"","_links":{"self":[{"href":"https:\/\/demo.scoutseurope-boulogne.fr\/index.php?rest_route=\/wp\/v2\/pages\/2230","targetHints":{"allow":["GET"]}}],"collection":[{"href":"https:\/\/demo.scoutseurope-boulogne.fr\/index.php?rest_route=\/wp\/v2\/pages"}],"about":[{"href":"https:\/\/demo.scoutseurope-boulogne.fr\/index.php?rest_route=\/wp\/v2\/types\/page"}],"author":[{"embeddable":true,"href":"https:\/\/demo.scoutseurope-boulogne.fr\/index.php?rest_route=\/wp\/v2\/users\/1"}],"replies":[{"embeddable":true,"href":"https:\/\/demo.scoutseurope-boulogne.fr\/index.php?rest_route=%2Fwp%2Fv2%2Fcomments&post=2230"}],"version-history":[{"count":7,"href":"https:\/\/demo.scoutseurope-boulogne.fr\/index.php?rest_route=\/wp\/v2\/pages\/2230\/revisions"}],"predecessor-version":[{"id":2287,"href":"https:\/\/demo.scoutseurope-boulogne.fr\/index.php?rest_route=\/wp\/v2\/pages\/2230\/revisions\/2287"}],"wp:attachment":[{"href":"https:\/\/demo.scoutseurope-boulogne.fr\/index.php?rest_route=%2Fwp%2Fv2%2Fmedia&parent=2230"}],"curies":[{"name":"wp","href":"https:\/\/api.w.org\/{rel}","templated":true}]}}