{"id":2224,"date":"2026-02-16T07:25:30","date_gmt":"2026-02-16T07:25:30","guid":{"rendered":"https:\/\/demo.scoutseurope-boulogne.fr\/?page_id=2224"},"modified":"2026-02-16T08:36:19","modified_gmt":"2026-02-16T08:36:19","slug":"histoire","status":"publish","type":"page","link":"https:\/\/demo.scoutseurope-boulogne.fr\/?page_id=2224","title":{"rendered":"Histoire"},"content":{"rendered":"\t\t<div data-elementor-type=\"wp-page\" data-elementor-id=\"2224\" class=\"elementor elementor-2224\">\n\t\t\t\t<div class=\"elementor-element elementor-element-9e1cceb e-flex e-con-boxed e-con e-parent\" data-id=\"9e1cceb\" data-element_type=\"container\">\n\t\t\t\t\t<div class=\"e-con-inner\">\n\t\t\t\t<div class=\"elementor-element elementor-element-d26e22d elementor-widget elementor-widget-wpo-khairah_hero\" data-id=\"d26e22d\" data-element_type=\"widget\" data-settings=\"{&quot;hero_image&quot;:{&quot;url&quot;:&quot;https:\\\/\\\/demo.scoutseurope-boulogne.fr\\\/wp-content\\\/uploads\\\/2026\\\/01\\\/20250718_160557865_iOS-scaled.jpg&quot;,&quot;id&quot;:1755,&quot;size&quot;:&quot;&quot;,&quot;alt&quot;:&quot;&quot;,&quot;source&quot;:&quot;library&quot;},&quot;hero_image_two&quot;:{&quot;url&quot;:&quot;https:\\\/\\\/demo.scoutseurope-boulogne.fr\\\/wp-content\\\/plugins\\\/elementor\\\/assets\\\/images\\\/placeholder.png&quot;,&quot;id&quot;:&quot;&quot;,&quot;size&quot;:&quot;&quot;},&quot;hero_image_three&quot;:{&quot;url&quot;:&quot;https:\\\/\\\/demo.scoutseurope-boulogne.fr\\\/wp-content\\\/plugins\\\/elementor\\\/assets\\\/images\\\/placeholder.png&quot;,&quot;id&quot;:&quot;&quot;,&quot;size&quot;:&quot;&quot;},&quot;hero_image_four&quot;:{&quot;url&quot;:&quot;https:\\\/\\\/demo.scoutseurope-boulogne.fr\\\/wp-content\\\/plugins\\\/elementor\\\/assets\\\/images\\\/placeholder.png&quot;,&quot;id&quot;:&quot;&quot;,&quot;size&quot;:&quot;&quot;}}\" data-widget_type=\"wpo-khairah_hero.default\">\n\t\t\t\t<div class=\"elementor-widget-container\">\n\t\t\t\t\t\t\t<div class=\"static-hero\">\n\t\t\t<div class=\"hero-container\">\n\t\t\t\t<div class=\"hero-inner\">\n\t\t\t\t\t<div class=\"container\">\n\t\t\t\t\t\t\t\t\t\t\t\t\t<div class=\"slide-title wow fadeInUp\" data-wow-duration=\"1000ms\">\n\t\t\t\t\t\t\t\t<h2>Un enracinement local solide<\/h2>\n\t\t\t\t\t\t\t<\/div>\n\t\t\t\t\t\t\t\t\t\t\t\t\t<div class=\"slide-text wow fadeInUp\" data-wow-duration=\"1400ms\">\n\t\t\t\t\t\t\t\t<p>Implant\u00e9 \u00e0 Boulogne-Billancourt, notre groupe s\u2019inscrit dans la tradition du scoutisme europ\u00e9en. Depuis sa cr\u00e9ation, il accompagne des familles attach\u00e9es \u00e0 une \u00e9ducation structurante et exigeante.\n\nAu fil des ann\u00e9es, des g\u00e9n\u00e9rations de jeunes ont grandi au sein du groupe, vivant des exp\u00e9riences fondatrices qui les ont aid\u00e9s \u00e0 devenir des adultes responsables et engag\u00e9s.<\/p>\n\t\t\t\t\t\t\t<\/div>\n\t\t\t\t\t\t\t\t\t\t\t\t<div class=\"clearfix\"><\/div>\n\t\t\t\t\t\t<div data-swiper-parallax=\"500\" class=\"slide-btns wow fadeInUp\" data-wow-duration=\"1800ms\">\n\t\t\t\t\t\t\t\t\t\t\t\t\t<\/div>\n\t\t\t\t\t\t<div class=\"hero-right-wrap\">\n\t\t\t\t\t\t\t<div class=\"hero-left-img wow fadeInUp\" data-wow-duration=\"1300ms\">\n\t\t\t\t\t\t\t\t<span>\n\t\t\t\t\t\t\t\t\t<img decoding=\"async\" src=\"https:\/\/demo.scoutseurope-boulogne.fr\/wp-content\/uploads\/2026\/01\/20250718_160557865_iOS-scaled.jpg\" alt=\"\">\t\t\t\t\t\t\t\t<\/span>\n\t\t\t\t\t\t\t\t<span>\n\t\t\t\t\t\t\t\t\t\t\t\t\t\t\t\t\t<\/span>\n\t\t\t\t\t\t\t<\/div>\n\t\t\t\t\t\t\t<div class=\"hero-right-img wow fadeInUp\" data-wow-duration=\"1600ms\">\n\t\t\t\t\t\t\t\t\t\t\t\t\t\t\t<\/div>\n\t\t\t\t\t\t\t<div class=\"o-shape floating-item\">\n\t\t\t\t\t\t\t\t\t\t\t\t\t\t\t<\/div>\n\t\t\t\t\t\t<\/div>\n\t\t\t\t\t<\/div>\n\t\t\t\t<\/div>\n\t\t\t<\/div>\n\t\t<\/div>\n\n\t\t\t\t<\/div>\n\t\t\t\t<\/div>\n\t\t\t\t\t<\/div>\n\t\t\t\t<\/div>\n\t\t\t\t<\/div>\n\t\t","protected":false},"excerpt":{"rendered":"Un enracinement local solide Implant\u00e9 \u00e0 Boulogne-Billancourt, notre groupe s\u2019inscrit dans la tradition du scoutisme europ\u00e9en. Depuis sa cr\u00e9ation, il accompagne des familles attach\u00e9es \u00e0 une \u00e9ducation structurante et exigeante. Au fil des ann\u00e9es, des g\u00e9n\u00e9rations de jeunes ont grandi au sein du groupe, vivant des exp\u00e9riences fondatrices qui les ont aid\u00e9s \u00e0 devenir des ","protected":false},"author":1,"featured_media":0,"parent":0,"menu_order":0,"comment_status":"closed","ping_status":"closed","template":"","meta":{"give_campaign_id":0,"inline_featured_image":false,"_monsterinsights_skip_tracking":false,"_monsterinsights_sitenote_active":false,"_monsterinsights_sitenote_note":"","_monsterinsights_sitenote_category":0,"footnotes":""},"class_list":["post-2224","page","type-page","status-publish","hentry"],"aioseo_notices":[],"campaignId":"","_links":{"self":[{"href":"https:\/\/demo.scoutseurope-boulogne.fr\/index.php?rest_route=\/wp\/v2\/pages\/2224","targetHints":{"allow":["GET"]}}],"collection":[{"href":"https:\/\/demo.scoutseurope-boulogne.fr\/index.php?rest_route=\/wp\/v2\/pages"}],"about":[{"href":"https:\/\/demo.scoutseurope-boulogne.fr\/index.php?rest_route=\/wp\/v2\/types\/page"}],"author":[{"embeddable":true,"href":"https:\/\/demo.scoutseurope-boulogne.fr\/index.php?rest_route=\/wp\/v2\/users\/1"}],"replies":[{"embeddable":true,"href":"https:\/\/demo.scoutseurope-boulogne.fr\/index.php?rest_route=%2Fwp%2Fv2%2Fcomments&post=2224"}],"version-history":[{"count":4,"href":"https:\/\/demo.scoutseurope-boulogne.fr\/index.php?rest_route=\/wp\/v2\/pages\/2224\/revisions"}],"predecessor-version":[{"id":2279,"href":"https:\/\/demo.scoutseurope-boulogne.fr\/index.php?rest_route=\/wp\/v2\/pages\/2224\/revisions\/2279"}],"wp:attachment":[{"href":"https:\/\/demo.scoutseurope-boulogne.fr\/index.php?rest_route=%2Fwp%2Fv2%2Fmedia&parent=2224"}],"curies":[{"name":"wp","href":"https:\/\/api.w.org\/{rel}","templated":true}]}}