{"id":2124,"date":"2026-02-03T14:02:33","date_gmt":"2026-02-03T14:02:33","guid":{"rendered":"https:\/\/demo.scoutseurope-boulogne.fr\/?page_id=2124"},"modified":"2026-02-04T10:44:07","modified_gmt":"2026-02-04T10:44:07","slug":"activites","status":"publish","type":"page","link":"https:\/\/demo.scoutseurope-boulogne.fr\/?page_id=2124","title":{"rendered":"Activit\u00e9s"},"content":{"rendered":"\t\t<div data-elementor-type=\"wp-page\" data-elementor-id=\"2124\" class=\"elementor elementor-2124\">\n\t\t\t\t<div class=\"elementor-element elementor-element-6a63ef1 e-flex e-con-boxed e-con e-parent\" data-id=\"6a63ef1\" data-element_type=\"container\">\n\t\t\t\t\t<div class=\"e-con-inner\">\n\t\t\t\t<div class=\"elementor-element elementor-element-a5ecbcf elementor-widget__width-inherit blackColor elementor-widget elementor-widget-wpo-khairah_title\" data-id=\"a5ecbcf\" data-element_type=\"widget\" data-settings=\"{&quot;title_shape&quot;:{&quot;url&quot;:&quot;https:\\\/\\\/wpolive.com\\\/khairah\\\/wp-content\\\/uploads\\\/2023\\\/02\\\/comment2.png&quot;,&quot;id&quot;:106,&quot;size&quot;:&quot;&quot;,&quot;alt&quot;:&quot;&quot;,&quot;source&quot;:&quot;library&quot;}}\" data-widget_type=\"wpo-khairah_title.default\">\n\t\t\t\t<div class=\"elementor-widget-container\">\n\t\t\t\t\t\t\t<div class=\"container\">\n\t\t\t<div class=\"row justify-content-center section-title-area\">\n\t\t\t\t<div class=\"col-lg-6\">\n\t\t\t\t\t<div class=\"section-title section-title2 text-center\">\n\t\t\t\t\t\t<div class=\"thumb-text\"  style=\"background-image: url( https:\/\/demo.scoutseurope-boulogne.fr\/wp-content\/uploads\/2023\/02\/comment2.png );\">\n\t\t\t\t\t\t\t<span>Scouts <\/span>\t\t\t\t\t\t<\/div>\n\t\t\t\t\t\t<h2>Les Unit\u00e9s du Groupe Scouts d\u2019Europe<\/h2><p>Le Groupe Scouts d\u2019Europe de Boulogne-Billancourt accueille les enfants et les jeunes au sein d\u2019unit\u00e9s adapt\u00e9es \u00e0 leur \u00e2ge et \u00e0 leur maturit\u00e9. Chaque unit\u00e9 vit selon une p\u00e9dagogie sp\u00e9cifique, tout en partageant les m\u00eames valeurs : esprit d\u2019\u00e9quipe, sens des responsabilit\u00e9s, vie dans la nature et progression personnelle.<\/p>\t\t\t\t\t<\/div>\n\t\t\t\t<\/div>\n\t\t\t<\/div>\n\t\t<\/div>\n\t\t\t\t<\/div>\n\t\t\t\t<\/div>\n\t\t\t\t<div class=\"elementor-element elementor-element-a1266fc whiteColor elementor-widget elementor-widget-wpo-khairah_testimonial\" data-id=\"a1266fc\" data-element_type=\"widget\" data-widget_type=\"wpo-khairah_testimonial.default\">\n\t\t\t\t<div class=\"elementor-widget-container\">\n\t\t\t\t\t\t\t<div class=\"testimonials-section section-padding\">\n\t\t\t<div class=\"container\">\n\t\t\t\t<div class=\"row\">\n\t\t\t\t\t<div class=\"col col-xs-12\">\n\t\t\t\t\t\t<div class=\"testimonials-slider\">\n\t\t\t\t\t\t\t<div class=\"testimonial-thumb-active\">\n\t\t\t\t\t\t\t\t\t\t\t\t\t\t\t\t\t\t<div class=\"test-img\">\n\t\t\t\t\t\t\t\t\t\t\t<img decoding=\"async\" src=\"https:\/\/demo.scoutseurope-boulogne.fr\/wp-content\/uploads\/2026\/01\/IMG_20220424_174706-scaled.jpg\" alt=\"\">\t\t\t\t\t\t\t\t\t\t<\/div>\n\t\t\t\t\t\t\t\t\t\t\t\t\t\t\t\t\t\t<div class=\"test-img\">\n\t\t\t\t\t\t\t\t\t\t\t<img decoding=\"async\" src=\"https:\/\/demo.scoutseurope-boulogne.fr\/wp-content\/uploads\/2026\/01\/IMG-20220925-WA0012.jpg\" alt=\"\">\t\t\t\t\t\t\t\t\t\t<\/div>\n\t\t\t\t\t\t\t\t\t\t\t\t\t\t\t\t\t\t<div class=\"test-img\">\n\t\t\t\t\t\t\t\t\t\t\t<img decoding=\"async\" src=\"https:\/\/demo.scoutseurope-boulogne.fr\/wp-content\/uploads\/2026\/01\/IMG_20220423_154451-scaled.jpg\" alt=\"\">\t\t\t\t\t\t\t\t\t\t<\/div>\n\t\t\t\t\t\t\t\t\t\t\t\t\t\t\t\t\t\t<div class=\"test-img\">\n\t\t\t\t\t\t\t\t\t\t\t<img decoding=\"async\" src=\"https:\/\/demo.scoutseurope-boulogne.fr\/wp-content\/uploads\/2026\/01\/IMG_20220410_160357-scaled.jpg\" alt=\"\">\t\t\t\t\t\t\t\t\t\t<\/div>\n\t\t\t\t\t\t\t\t\t\t\t\t\t\t\t<\/div>\n\t\t\t\t\t\t\t<div class=\"testimonial-content-active text-center\">\n\t\t\t\t\t\t\t\t\t\t\t\t\t\t\t\t\t\t<div class=\"grid\">\n\t\t\t\t\t\t\t\t\t\t\t<ul>\n\t\t\t\t\t\t\t\t\t\t\t\t\t\t\t\t\t\t\t\t\t\t\t\t\t<li><i class=\"fa fa-star\" aria-hidden=\"true\"><\/i><\/li>\n\t\t\t\t\t\t\t\t\t\t\t\t\t<li><i class=\"fa fa-star\" aria-hidden=\"true\"><\/i><\/li>\n\t\t\t\t\t\t\t\t\t\t\t\t\t<li><i class=\"fa fa-star\" aria-hidden=\"true\"><\/i><\/li>\n\t\t\t\t\t\t\t\t\t\t\t\t\t<li><i class=\"fa fa-star\" aria-hidden=\"true\"><\/i><\/li>\n\t\t\t\t\t\t\t\t\t\t\t\t\t<li><i class=\"fa fa-star\" aria-hidden=\"true\"><\/i><\/li>\n\t\t\t\t\t\t\t\t\t\t\t\t\t\t\t\t\t\t\t\t\t\t\t<\/ul>\n\t\t\t\t\t\t\t\t\t\t\t<p>La Meute des louveteaux s\u2019adresse aux gar\u00e7ons de 8 \u00e0 12 ans. Elle propose une p\u00e9dagogie bas\u00e9e sur le jeu, l\u2019imaginaire du Livre de la Jungle et la vie en petits groupes.<\/p>\t\t\t\t\t\t\t\t\t\t\t<div class=\"info\">\n\t\t\t\t\t\t\t\t\t\t\t\t<h5>Meute des Louveteaux <\/h5><p>(8\u201312 ans \u2013 gar\u00e7ons)<\/p>\t\t\t\t\t\t\t\t\t\t\t<\/div>\n\t\t\t\t\t\t\t\t\t\t<\/div>\n\t\t\t\t\t\t\t\t\t\t\t\t\t\t\t\t\t\t<div class=\"grid\">\n\t\t\t\t\t\t\t\t\t\t\t<ul>\n\t\t\t\t\t\t\t\t\t\t\t\t\t\t\t\t\t\t\t\t\t\t\t\t\t<li><i class=\"fa fa-star\" aria-hidden=\"true\"><\/i><\/li>\n\t\t\t\t\t\t\t\t\t\t\t\t\t<li><i class=\"fa fa-star\" aria-hidden=\"true\"><\/i><\/li>\n\t\t\t\t\t\t\t\t\t\t\t\t\t<li><i class=\"fa fa-star\" aria-hidden=\"true\"><\/i><\/li>\n\t\t\t\t\t\t\t\t\t\t\t\t\t<li><i class=\"fa fa-star\" aria-hidden=\"true\"><\/i><\/li>\n\t\t\t\t\t\t\t\t\t\t\t\t\t<li><i class=\"fa fa-star\" aria-hidden=\"true\"><\/i><\/li>\n\t\t\t\t\t\t\t\t\t\t\t\t\t\t\t\t\t\t\t\t\t\t\t<\/ul>\n\t\t\t\t\t\t\t\t\t\t\t<p>La Clairi\u00e8re des louvettes accueille les filles de 8 \u00e0 12 ans. Elle repose sur une p\u00e9dagogie adapt\u00e9e \u00e0 leur \u00e2ge, favorisant l\u2019imaginaire, la cr\u00e9ativit\u00e9 et la coop\u00e9ration.<\/p>\t\t\t\t\t\t\t\t\t\t\t<div class=\"info\">\n\t\t\t\t\t\t\t\t\t\t\t\t<h5>Clairi\u00e8re des Louvettes<\/h5><p>(8\u201312 ans \u2013 filles)<\/p>\t\t\t\t\t\t\t\t\t\t\t<\/div>\n\t\t\t\t\t\t\t\t\t\t<\/div>\n\t\t\t\t\t\t\t\t\t\t\t\t\t\t\t\t\t\t<div class=\"grid\">\n\t\t\t\t\t\t\t\t\t\t\t<ul>\n\t\t\t\t\t\t\t\t\t\t\t\t\t\t\t\t\t\t\t\t\t\t\t\t\t<li><i class=\"fa fa-star\" aria-hidden=\"true\"><\/i><\/li>\n\t\t\t\t\t\t\t\t\t\t\t\t\t<li><i class=\"fa fa-star\" aria-hidden=\"true\"><\/i><\/li>\n\t\t\t\t\t\t\t\t\t\t\t\t\t<li><i class=\"fa fa-star\" aria-hidden=\"true\"><\/i><\/li>\n\t\t\t\t\t\t\t\t\t\t\t\t\t<li><i class=\"fa fa-star\" aria-hidden=\"true\"><\/i><\/li>\n\t\t\t\t\t\t\t\t\t\t\t\t\t<li><i class=\"fa fa-star\" aria-hidden=\"true\"><\/i><\/li>\n\t\t\t\t\t\t\t\t\t\t\t\t\t\t\t\t\t\t\t\t\t\t\t<\/ul>\n\t\t\t\t\t\t\t\t\t\t\t<p>La Troupe scoute s\u2019adresse aux gar\u00e7ons de 12 \u00e0 17 ans. Elle fonctionne en patrouilles, favorisant la responsabilit\u00e9, l\u2019esprit d\u2019initiative et l\u2019engagement.<\/p>\t\t\t\t\t\t\t\t\t\t\t<div class=\"info\">\n\t\t\t\t\t\t\t\t\t\t\t\t<h5>Troupe scoute <\/h5><p>(12\u201317 ans \u2013 gar\u00e7ons)<\/p>\t\t\t\t\t\t\t\t\t\t\t<\/div>\n\t\t\t\t\t\t\t\t\t\t<\/div>\n\t\t\t\t\t\t\t\t\t\t\t\t\t\t\t\t\t\t<div class=\"grid\">\n\t\t\t\t\t\t\t\t\t\t\t<ul>\n\t\t\t\t\t\t\t\t\t\t\t\t\t\t\t\t\t\t\t\t\t\t\t\t\t<li><i class=\"fa fa-star\" aria-hidden=\"true\"><\/i><\/li>\n\t\t\t\t\t\t\t\t\t\t\t\t\t<li><i class=\"fa fa-star\" aria-hidden=\"true\"><\/i><\/li>\n\t\t\t\t\t\t\t\t\t\t\t\t\t<li><i class=\"fa fa-star\" aria-hidden=\"true\"><\/i><\/li>\n\t\t\t\t\t\t\t\t\t\t\t\t\t<li><i class=\"fa fa-star\" aria-hidden=\"true\"><\/i><\/li>\n\t\t\t\t\t\t\t\t\t\t\t\t\t<li><i class=\"fa fa-star\" aria-hidden=\"true\"><\/i><\/li>\n\t\t\t\t\t\t\t\t\t\t\t\t\t\t\t\t\t\t\t\t\t\t\t<\/ul>\n\t\t\t\t\t\t\t\t\t\t\t<p>La Compagnie guide accueille les filles de 12 \u00e0 17 ans. Organis\u00e9e en \u00e9quipes, elle propose une p\u00e9dagogie fond\u00e9e sur la progression personnelle, la prise de responsabilit\u00e9s et le service.<\/p>\t\t\t\t\t\t\t\t\t\t\t<div class=\"info\">\n\t\t\t\t\t\t\t\t\t\t\t\t<h5>Compagnie guide <\/h5><p>(12\u201317 ans \u2013 filles)<\/p>\t\t\t\t\t\t\t\t\t\t\t<\/div>\n\t\t\t\t\t\t\t\t\t\t<\/div>\n\t\t\t\t\t\t\t\t\t\t\t\t\t\t\t<\/div>\n\t\t\t\t\t\t<\/div>\n\t\t\t\t\t<\/div>\n\t\t\t\t<\/div>\n\t\t\t<\/div> <!-- end container -->\n\t\t\t<div class=\"testi-shape\">\n\t\t\t\t\t\t\t<\/div>\n\t\t\t<div class=\"testi-shape2\">\n\t\t\t\t\t\t\t<\/div>\n\t\t<\/div>\n\t\t\t\t<\/div>\n\t\t\t\t<\/div>\n\t\t\t\t\t<\/div>\n\t\t\t\t<\/div>\n\t\t\t\t<\/div>\n\t\t","protected":false},"excerpt":{"rendered":"Scouts Les Unit\u00e9s du Groupe Scouts d\u2019Europe Le Groupe Scouts d\u2019Europe de Boulogne-Billancourt accueille les enfants et les jeunes au sein d\u2019unit\u00e9s adapt\u00e9es \u00e0 leur \u00e2ge et \u00e0 leur maturit\u00e9. Chaque unit\u00e9 vit selon une p\u00e9dagogie sp\u00e9cifique, tout en partageant les m\u00eames valeurs : esprit d\u2019\u00e9quipe, sens des responsabilit\u00e9s, vie dans la nature et progression ","protected":false},"author":1,"featured_media":0,"parent":0,"menu_order":0,"comment_status":"closed","ping_status":"closed","template":"","meta":{"give_campaign_id":0,"inline_featured_image":false,"_monsterinsights_skip_tracking":false,"_monsterinsights_sitenote_active":false,"_monsterinsights_sitenote_note":"","_monsterinsights_sitenote_category":0,"footnotes":""},"class_list":["post-2124","page","type-page","status-publish","hentry"],"aioseo_notices":[],"campaignId":"","_links":{"self":[{"href":"https:\/\/demo.scoutseurope-boulogne.fr\/index.php?rest_route=\/wp\/v2\/pages\/2124","targetHints":{"allow":["GET"]}}],"collection":[{"href":"https:\/\/demo.scoutseurope-boulogne.fr\/index.php?rest_route=\/wp\/v2\/pages"}],"about":[{"href":"https:\/\/demo.scoutseurope-boulogne.fr\/index.php?rest_route=\/wp\/v2\/types\/page"}],"author":[{"embeddable":true,"href":"https:\/\/demo.scoutseurope-boulogne.fr\/index.php?rest_route=\/wp\/v2\/users\/1"}],"replies":[{"embeddable":true,"href":"https:\/\/demo.scoutseurope-boulogne.fr\/index.php?rest_route=%2Fwp%2Fv2%2Fcomments&post=2124"}],"version-history":[{"count":4,"href":"https:\/\/demo.scoutseurope-boulogne.fr\/index.php?rest_route=\/wp\/v2\/pages\/2124\/revisions"}],"predecessor-version":[{"id":2176,"href":"https:\/\/demo.scoutseurope-boulogne.fr\/index.php?rest_route=\/wp\/v2\/pages\/2124\/revisions\/2176"}],"wp:attachment":[{"href":"https:\/\/demo.scoutseurope-boulogne.fr\/index.php?rest_route=%2Fwp%2Fv2%2Fmedia&parent=2124"}],"curies":[{"name":"wp","href":"https:\/\/api.w.org\/{rel}","templated":true}]}}