{"id":2122,"date":"2026-02-03T14:02:33","date_gmt":"2026-02-03T14:02:33","guid":{"rendered":"https:\/\/demo.scoutseurope-boulogne.fr\/?page_id=2122"},"modified":"2026-02-04T11:18:30","modified_gmt":"2026-02-04T11:18:30","slug":"infos-pratiques","status":"publish","type":"page","link":"https:\/\/demo.scoutseurope-boulogne.fr\/?page_id=2122","title":{"rendered":"Infos pratiques"},"content":{"rendered":"\t\t<div data-elementor-type=\"wp-page\" data-elementor-id=\"2122\" class=\"elementor elementor-2122\">\n\t\t\t\t<div class=\"elementor-element elementor-element-d8cb848 e-flex e-con-boxed e-con e-parent\" data-id=\"d8cb848\" data-element_type=\"container\">\n\t\t\t\t\t<div class=\"e-con-inner\">\n\t\t\t\t<div class=\"elementor-element elementor-element-292ca09 elementor-widget__width-inherit blackColor elementor-widget elementor-widget-wpo-khairah_title\" data-id=\"292ca09\" data-element_type=\"widget\" data-settings=\"{&quot;title_shape&quot;:{&quot;url&quot;:&quot;https:\\\/\\\/wpolive.com\\\/khairah\\\/wp-content\\\/uploads\\\/2023\\\/02\\\/comment2.png&quot;,&quot;id&quot;:106,&quot;size&quot;:&quot;&quot;,&quot;alt&quot;:&quot;&quot;,&quot;source&quot;:&quot;library&quot;}}\" data-widget_type=\"wpo-khairah_title.default\">\n\t\t\t\t<div class=\"elementor-widget-container\">\n\t\t\t\t\t\t\t<div class=\"container\">\n\t\t\t<div class=\"row justify-content-center section-title-area\">\n\t\t\t\t<div class=\"col-lg-6\">\n\t\t\t\t\t<div class=\"section-title section-title2 text-center\">\n\t\t\t\t\t\t<div class=\"thumb-text\"  style=\"background-image: url( https:\/\/demo.scoutseurope-boulogne.fr\/wp-content\/uploads\/2023\/02\/comment2.png );\">\n\t\t\t\t\t\t\t<span>Infos pratiques<\/span>\t\t\t\t\t\t<\/div>\n\t\t\t\t\t\t<h2>Les informations essentielles pour les familles<\/h2><p>Cette page regroupe les informations n\u00e9cessaires pour comprendre le fonctionnement du groupe et faciliter l\u2019int\u00e9gration des enfants et des jeunes.<\/p>\t\t\t\t\t<\/div>\n\t\t\t\t<\/div>\n\t\t\t<\/div>\n\t\t<\/div>\n\t\t\t\t<\/div>\n\t\t\t\t<\/div>\n\t\t\t\t<div class=\"elementor-element elementor-element-bfae4ba elementor-widget elementor-widget-text-editor\" data-id=\"bfae4ba\" data-element_type=\"widget\" data-widget_type=\"text-editor.default\">\n\t\t\t\t\t\t\t\t\t<h1 data-start=\"2049\" data-end=\"2304\"><strong>Nous rejoindre<\/strong><\/h1><h6>Les inscriptions sont ouvertes selon les places disponibles et les \u00e2ges des unit\u00e9s. Cette rubrique d\u00e9taille les d\u00e9marches \u00e0 suivre pour rejoindre le groupe Scouts d\u2019Europe.<\/h6><p>\u00a0<\/p><h1><strong>Documents et informations utiles<\/strong><\/h1><h6>Vous trouverez ici les documents pratiques, les informations t\u00e9l\u00e9chargeables et les liens utiles pour accompagner les familles tout au long de l\u2019ann\u00e9e scoute.<\/h6>\t\t\t\t\t\t\t\t<\/div>\n\t\t\t\t\t<\/div>\n\t\t\t\t<\/div>\n\t\t\t\t<\/div>\n\t\t","protected":false},"excerpt":{"rendered":"Infos pratiques Les informations essentielles pour les familles Cette page regroupe les informations n\u00e9cessaires pour comprendre le fonctionnement du groupe et faciliter l\u2019int\u00e9gration des enfants et des jeunes. Nous rejoindre Les inscriptions sont ouvertes selon les places disponibles et les \u00e2ges des unit\u00e9s. Cette rubrique d\u00e9taille les d\u00e9marches \u00e0 suivre pour rejoindre le groupe Scouts ","protected":false},"author":1,"featured_media":0,"parent":0,"menu_order":0,"comment_status":"closed","ping_status":"closed","template":"","meta":{"give_campaign_id":0,"inline_featured_image":false,"_monsterinsights_skip_tracking":false,"_monsterinsights_sitenote_active":false,"_monsterinsights_sitenote_note":"","_monsterinsights_sitenote_category":0,"footnotes":""},"class_list":["post-2122","page","type-page","status-publish","hentry"],"aioseo_notices":[],"campaignId":"","_links":{"self":[{"href":"https:\/\/demo.scoutseurope-boulogne.fr\/index.php?rest_route=\/wp\/v2\/pages\/2122","targetHints":{"allow":["GET"]}}],"collection":[{"href":"https:\/\/demo.scoutseurope-boulogne.fr\/index.php?rest_route=\/wp\/v2\/pages"}],"about":[{"href":"https:\/\/demo.scoutseurope-boulogne.fr\/index.php?rest_route=\/wp\/v2\/types\/page"}],"author":[{"embeddable":true,"href":"https:\/\/demo.scoutseurope-boulogne.fr\/index.php?rest_route=\/wp\/v2\/users\/1"}],"replies":[{"embeddable":true,"href":"https:\/\/demo.scoutseurope-boulogne.fr\/index.php?rest_route=%2Fwp%2Fv2%2Fcomments&post=2122"}],"version-history":[{"count":37,"href":"https:\/\/demo.scoutseurope-boulogne.fr\/index.php?rest_route=\/wp\/v2\/pages\/2122\/revisions"}],"predecessor-version":[{"id":2182,"href":"https:\/\/demo.scoutseurope-boulogne.fr\/index.php?rest_route=\/wp\/v2\/pages\/2122\/revisions\/2182"}],"wp:attachment":[{"href":"https:\/\/demo.scoutseurope-boulogne.fr\/index.php?rest_route=%2Fwp%2Fv2%2Fmedia&parent=2122"}],"curies":[{"name":"wp","href":"https:\/\/api.w.org\/{rel}","templated":true}]}}