{"id":1666,"date":"2025-07-18T09:10:58","date_gmt":"2025-07-18T09:10:58","guid":{"rendered":"https:\/\/demo.scoutseurope-boulogne.fr\/?page_id=1666"},"modified":"2026-01-23T13:25:14","modified_gmt":"2026-01-23T13:25:14","slug":"ressources","status":"publish","type":"page","link":"https:\/\/demo.scoutseurope-boulogne.fr\/?page_id=1666","title":{"rendered":"Ressources"},"content":{"rendered":"\t\t<div data-elementor-type=\"wp-page\" data-elementor-id=\"1666\" class=\"elementor elementor-1666\">\n\t\t\t\t<div class=\"elementor-element elementor-element-52ed7a5 e-flex e-con-boxed e-con e-parent\" data-id=\"52ed7a5\" data-element_type=\"container\">\n\t\t\t\t\t<div class=\"e-con-inner\">\n\t\t\t\t<div class=\"elementor-element elementor-element-61a073f elementor-widget elementor-widget-wpo-khairah_title\" data-id=\"61a073f\" data-element_type=\"widget\" data-settings=\"{&quot;title_shape&quot;:{&quot;url&quot;:&quot;https:\\\/\\\/demo.scoutseurope-boulogne.fr\\\/wp-content\\\/plugins\\\/elementor\\\/assets\\\/images\\\/placeholder.png&quot;,&quot;id&quot;:&quot;&quot;,&quot;size&quot;:&quot;&quot;}}\" data-widget_type=\"wpo-khairah_title.default\">\n\t\t\t\t<div class=\"elementor-widget-container\">\n\t\t\t\t\t\t\t<div class=\"container\">\n\t\t\t<div class=\"row justify-content-center section-title-area\">\n\t\t\t\t<div class=\"col-lg-6\">\n\t\t\t\t\t<div class=\"section-title section-title2 text-center\">\n\t\t\t\t\t\t<div class=\"thumb-text\" >\n\t\t\t\t\t\t\t\t\t\t\t\t\t<\/div>\n\t\t\t\t\t\t<h2>Uniformes et mat\u00e9riel<\/h2>\t\t\t\t\t<\/div>\n\t\t\t\t<\/div>\n\t\t\t<\/div>\n\t\t<\/div>\n\t\t\t\t<\/div>\n\t\t\t\t<\/div>\n\t\t\t\t<div class=\"elementor-element elementor-element-e42c8fc blackColor elementor-widget elementor-widget-text-editor\" data-id=\"e42c8fc\" data-element_type=\"widget\" data-widget_type=\"text-editor.default\">\n\t\t\t\t\t\t\t\t\t<p data-start=\"434\" data-end=\"561\">L\u2019uniforme fait partie int\u00e9grante de la vie scoute. Il favorise l\u2019\u00e9galit\u00e9, le sentiment d\u2019appartenance et l\u2019identit\u00e9 du groupe.<\/p><p data-start=\"563\" data-end=\"611\"><strong data-start=\"563\" data-end=\"609\">De mani\u00e8re g\u00e9n\u00e9rale, l\u2019uniforme comprend :<\/strong><\/p><ul data-start=\"612\" data-end=\"784\"><li data-start=\"612\" data-end=\"652\"><p data-start=\"614\" data-end=\"652\">la chemise scoute adapt\u00e9e \u00e0 l\u2019unit\u00e9,<\/p><\/li><li data-start=\"653\" data-end=\"678\"><p data-start=\"655\" data-end=\"678\">le foulard du groupe,<\/p><\/li><li data-start=\"679\" data-end=\"727\"><p data-start=\"681\" data-end=\"727\">les insignes correspondant \u00e0 la progression,<\/p><\/li><li data-start=\"728\" data-end=\"784\"><p data-start=\"730\" data-end=\"784\">un short ou une jupe conforme aux usages du mouvement.<\/p><\/li><\/ul><p data-start=\"786\" data-end=\"1060\">Pour les activit\u00e9s et les camps, un <strong data-start=\"822\" data-end=\"844\">\u00e9quipement de base<\/strong> est \u00e9galement n\u00e9cessaire : sac \u00e0 dos, chaussures adapt\u00e9es, gourde, v\u00eatements de pluie, mat\u00e9riel de couchage, etc.<br data-start=\"958\" data-end=\"961\" \/>Les listes d\u00e9taill\u00e9es de mat\u00e9riel sont communiqu\u00e9es par les chefs avant les week-ends et les camps.<\/p>\t\t\t\t\t\t\t\t<\/div>\n\t\t\t\t<div class=\"elementor-element elementor-element-93ba391 elementor-widget elementor-widget-image-gallery\" data-id=\"93ba391\" data-element_type=\"widget\" data-widget_type=\"image-gallery.default\">\n\t\t\t\t\t\t\t<div class=\"elementor-image-gallery\">\n\t\t\t<div id='gallery-1' class='gallery galleryid-1666 gallery-columns-4 gallery-size-thumbnail'><figure class='gallery-item'>\n\t\t\t<div class='gallery-icon landscape'>\n\t\t\t\t<a data-elementor-open-lightbox=\"yes\" data-elementor-lightbox-slideshow=\"93ba391\" data-elementor-lightbox-title=\"20241127_192135684_iOS\" data-e-action-hash=\"#elementor-action%3Aaction%3Dlightbox%26settings%3DeyJpZCI6MTc1MywidXJsIjoiaHR0cHM6XC9cL2RlbW8uc2NvdXRzZXVyb3BlLWJvdWxvZ25lLmZyXC93cC1jb250ZW50XC91cGxvYWRzXC8yMDI2XC8wMVwvMjAyNDExMjdfMTkyMTM1Njg0X2lPUy1zY2FsZWQuanBnIiwic2xpZGVzaG93IjoiOTNiYTM5MSJ9\" href='https:\/\/demo.scoutseurope-boulogne.fr\/wp-content\/uploads\/2026\/01\/20241127_192135684_iOS-scaled.jpg'><img decoding=\"async\" width=\"150\" height=\"150\" src=\"https:\/\/demo.scoutseurope-boulogne.fr\/wp-content\/uploads\/2026\/01\/20241127_192135684_iOS-150x150.jpg\" class=\"attachment-thumbnail size-thumbnail\" alt=\"\" srcset=\"https:\/\/demo.scoutseurope-boulogne.fr\/wp-content\/uploads\/2026\/01\/20241127_192135684_iOS-150x150.jpg 150w, https:\/\/demo.scoutseurope-boulogne.fr\/wp-content\/uploads\/2026\/01\/20241127_192135684_iOS-80x80.jpg 80w\" sizes=\"(max-width: 150px) 100vw, 150px\" \/><\/a>\n\t\t\t<\/div><\/figure><figure class='gallery-item'>\n\t\t\t<div class='gallery-icon portrait'>\n\t\t\t\t<a data-elementor-open-lightbox=\"yes\" data-elementor-lightbox-slideshow=\"93ba391\" data-elementor-lightbox-title=\"IMG_4141\" data-e-action-hash=\"#elementor-action%3Aaction%3Dlightbox%26settings%3DeyJpZCI6MTc2NywidXJsIjoiaHR0cHM6XC9cL2RlbW8uc2NvdXRzZXVyb3BlLWJvdWxvZ25lLmZyXC93cC1jb250ZW50XC91cGxvYWRzXC8yMDI2XC8wMVwvSU1HXzQxNDEuanBnIiwic2xpZGVzaG93IjoiOTNiYTM5MSJ9\" href='https:\/\/demo.scoutseurope-boulogne.fr\/wp-content\/uploads\/2026\/01\/IMG_4141.jpg'><img decoding=\"async\" width=\"150\" height=\"150\" src=\"https:\/\/demo.scoutseurope-boulogne.fr\/wp-content\/uploads\/2026\/01\/IMG_4141-150x150.jpg\" class=\"attachment-thumbnail size-thumbnail\" alt=\"\" srcset=\"https:\/\/demo.scoutseurope-boulogne.fr\/wp-content\/uploads\/2026\/01\/IMG_4141-150x150.jpg 150w, https:\/\/demo.scoutseurope-boulogne.fr\/wp-content\/uploads\/2026\/01\/IMG_4141-80x80.jpg 80w\" sizes=\"(max-width: 150px) 100vw, 150px\" \/><\/a>\n\t\t\t<\/div><\/figure><figure class='gallery-item'>\n\t\t\t<div class='gallery-icon landscape'>\n\t\t\t\t<a data-elementor-open-lightbox=\"yes\" data-elementor-lightbox-slideshow=\"93ba391\" data-elementor-lightbox-title=\"IMG_4145\" data-e-action-hash=\"#elementor-action%3Aaction%3Dlightbox%26settings%3DeyJpZCI6MTc2OCwidXJsIjoiaHR0cHM6XC9cL2RlbW8uc2NvdXRzZXVyb3BlLWJvdWxvZ25lLmZyXC93cC1jb250ZW50XC91cGxvYWRzXC8yMDI2XC8wMVwvSU1HXzQxNDUuanBnIiwic2xpZGVzaG93IjoiOTNiYTM5MSJ9\" href='https:\/\/demo.scoutseurope-boulogne.fr\/wp-content\/uploads\/2026\/01\/IMG_4145.jpg'><img decoding=\"async\" width=\"150\" height=\"150\" src=\"https:\/\/demo.scoutseurope-boulogne.fr\/wp-content\/uploads\/2026\/01\/IMG_4145-150x150.jpg\" class=\"attachment-thumbnail size-thumbnail\" alt=\"\" srcset=\"https:\/\/demo.scoutseurope-boulogne.fr\/wp-content\/uploads\/2026\/01\/IMG_4145-150x150.jpg 150w, https:\/\/demo.scoutseurope-boulogne.fr\/wp-content\/uploads\/2026\/01\/IMG_4145-80x80.jpg 80w\" sizes=\"(max-width: 150px) 100vw, 150px\" \/><\/a>\n\t\t\t<\/div><\/figure><figure class='gallery-item'>\n\t\t\t<div class='gallery-icon landscape'>\n\t\t\t\t<a data-elementor-open-lightbox=\"yes\" data-elementor-lightbox-slideshow=\"93ba391\" data-elementor-lightbox-title=\"IMG-20220925-WA0012\" data-e-action-hash=\"#elementor-action%3Aaction%3Dlightbox%26settings%3DeyJpZCI6MTc3NSwidXJsIjoiaHR0cHM6XC9cL2RlbW8uc2NvdXRzZXVyb3BlLWJvdWxvZ25lLmZyXC93cC1jb250ZW50XC91cGxvYWRzXC8yMDI2XC8wMVwvSU1HLTIwMjIwOTI1LVdBMDAxMi5qcGciLCJzbGlkZXNob3ciOiI5M2JhMzkxIn0%3D\" href='https:\/\/demo.scoutseurope-boulogne.fr\/wp-content\/uploads\/2026\/01\/IMG-20220925-WA0012.jpg'><img loading=\"lazy\" decoding=\"async\" width=\"150\" height=\"150\" src=\"https:\/\/demo.scoutseurope-boulogne.fr\/wp-content\/uploads\/2026\/01\/IMG-20220925-WA0012-150x150.jpg\" class=\"attachment-thumbnail size-thumbnail\" alt=\"\" srcset=\"https:\/\/demo.scoutseurope-boulogne.fr\/wp-content\/uploads\/2026\/01\/IMG-20220925-WA0012-150x150.jpg 150w, https:\/\/demo.scoutseurope-boulogne.fr\/wp-content\/uploads\/2026\/01\/IMG-20220925-WA0012-80x80.jpg 80w\" sizes=\"(max-width: 150px) 100vw, 150px\" \/><\/a>\n\t\t\t<\/div><\/figure><figure class='gallery-item'>\n\t\t\t<div class='gallery-icon landscape'>\n\t\t\t\t<a data-elementor-open-lightbox=\"yes\" data-elementor-lightbox-slideshow=\"93ba391\" data-elementor-lightbox-title=\"20250718_160557865_iOS\" data-e-action-hash=\"#elementor-action%3Aaction%3Dlightbox%26settings%3DeyJpZCI6MTc1NSwidXJsIjoiaHR0cHM6XC9cL2RlbW8uc2NvdXRzZXVyb3BlLWJvdWxvZ25lLmZyXC93cC1jb250ZW50XC91cGxvYWRzXC8yMDI2XC8wMVwvMjAyNTA3MThfMTYwNTU3ODY1X2lPUy1zY2FsZWQuanBnIiwic2xpZGVzaG93IjoiOTNiYTM5MSJ9\" href='https:\/\/demo.scoutseurope-boulogne.fr\/wp-content\/uploads\/2026\/01\/20250718_160557865_iOS-scaled.jpg'><img loading=\"lazy\" decoding=\"async\" width=\"150\" height=\"150\" src=\"https:\/\/demo.scoutseurope-boulogne.fr\/wp-content\/uploads\/2026\/01\/20250718_160557865_iOS-150x150.jpg\" class=\"attachment-thumbnail size-thumbnail\" alt=\"\" srcset=\"https:\/\/demo.scoutseurope-boulogne.fr\/wp-content\/uploads\/2026\/01\/20250718_160557865_iOS-150x150.jpg 150w, https:\/\/demo.scoutseurope-boulogne.fr\/wp-content\/uploads\/2026\/01\/20250718_160557865_iOS-80x80.jpg 80w\" sizes=\"(max-width: 150px) 100vw, 150px\" \/><\/a>\n\t\t\t<\/div><\/figure><figure class='gallery-item'>\n\t\t\t<div class='gallery-icon landscape'>\n\t\t\t\t<a data-elementor-open-lightbox=\"yes\" data-elementor-lightbox-slideshow=\"93ba391\" data-elementor-lightbox-title=\"20241201_141535714_iOS\" data-e-action-hash=\"#elementor-action%3Aaction%3Dlightbox%26settings%3DeyJpZCI6MTc1NCwidXJsIjoiaHR0cHM6XC9cL2RlbW8uc2NvdXRzZXVyb3BlLWJvdWxvZ25lLmZyXC93cC1jb250ZW50XC91cGxvYWRzXC8yMDI2XC8wMVwvMjAyNDEyMDFfMTQxNTM1NzE0X2lPUy1zY2FsZWQuanBnIiwic2xpZGVzaG93IjoiOTNiYTM5MSJ9\" href='https:\/\/demo.scoutseurope-boulogne.fr\/wp-content\/uploads\/2026\/01\/20241201_141535714_iOS-scaled.jpg'><img loading=\"lazy\" decoding=\"async\" width=\"150\" height=\"150\" src=\"https:\/\/demo.scoutseurope-boulogne.fr\/wp-content\/uploads\/2026\/01\/20241201_141535714_iOS-150x150.jpg\" class=\"attachment-thumbnail size-thumbnail\" alt=\"\" srcset=\"https:\/\/demo.scoutseurope-boulogne.fr\/wp-content\/uploads\/2026\/01\/20241201_141535714_iOS-150x150.jpg 150w, https:\/\/demo.scoutseurope-boulogne.fr\/wp-content\/uploads\/2026\/01\/20241201_141535714_iOS-80x80.jpg 80w\" sizes=\"(max-width: 150px) 100vw, 150px\" \/><\/a>\n\t\t\t<\/div><\/figure><figure class='gallery-item'>\n\t\t\t<div class='gallery-icon portrait'>\n\t\t\t\t<a data-elementor-open-lightbox=\"yes\" data-elementor-lightbox-slideshow=\"93ba391\" data-elementor-lightbox-title=\"IMG_0409\" data-e-action-hash=\"#elementor-action%3Aaction%3Dlightbox%26settings%3DeyJpZCI6MTc1OCwidXJsIjoiaHR0cHM6XC9cL2RlbW8uc2NvdXRzZXVyb3BlLWJvdWxvZ25lLmZyXC93cC1jb250ZW50XC91cGxvYWRzXC8yMDI2XC8wMVwvSU1HXzA0MDktc2NhbGVkLmpwZyIsInNsaWRlc2hvdyI6IjkzYmEzOTEifQ%3D%3D\" href='https:\/\/demo.scoutseurope-boulogne.fr\/wp-content\/uploads\/2026\/01\/IMG_0409-scaled.jpg'><img loading=\"lazy\" decoding=\"async\" width=\"150\" height=\"150\" src=\"https:\/\/demo.scoutseurope-boulogne.fr\/wp-content\/uploads\/2026\/01\/IMG_0409-150x150.jpg\" class=\"attachment-thumbnail size-thumbnail\" alt=\"\" srcset=\"https:\/\/demo.scoutseurope-boulogne.fr\/wp-content\/uploads\/2026\/01\/IMG_0409-150x150.jpg 150w, https:\/\/demo.scoutseurope-boulogne.fr\/wp-content\/uploads\/2026\/01\/IMG_0409-80x80.jpg 80w\" sizes=\"(max-width: 150px) 100vw, 150px\" \/><\/a>\n\t\t\t<\/div><\/figure>\n\t\t<\/div>\n\t\t<\/div>\n\t\t\t\t\t\t<\/div>\n\t\t\t\t\t<\/div>\n\t\t\t\t<\/div>\n\t\t\t\t<\/div>\n\t\t","protected":false},"excerpt":{"rendered":"Uniformes et mat\u00e9riel L\u2019uniforme fait partie int\u00e9grante de la vie scoute. Il favorise l\u2019\u00e9galit\u00e9, le sentiment d\u2019appartenance et l\u2019identit\u00e9 du groupe. De mani\u00e8re g\u00e9n\u00e9rale, l\u2019uniforme comprend : la chemise scoute adapt\u00e9e \u00e0 l\u2019unit\u00e9, le foulard du groupe, les insignes correspondant \u00e0 la progression, un short ou une jupe conforme aux usages du mouvement. Pour les ","protected":false},"author":1,"featured_media":0,"parent":0,"menu_order":0,"comment_status":"closed","ping_status":"closed","template":"","meta":{"give_campaign_id":0,"inline_featured_image":false,"_monsterinsights_skip_tracking":false,"_monsterinsights_sitenote_active":false,"_monsterinsights_sitenote_note":"","_monsterinsights_sitenote_category":0,"footnotes":""},"class_list":["post-1666","page","type-page","status-publish","hentry"],"aioseo_notices":[],"campaignId":"","_links":{"self":[{"href":"https:\/\/demo.scoutseurope-boulogne.fr\/index.php?rest_route=\/wp\/v2\/pages\/1666","targetHints":{"allow":["GET"]}}],"collection":[{"href":"https:\/\/demo.scoutseurope-boulogne.fr\/index.php?rest_route=\/wp\/v2\/pages"}],"about":[{"href":"https:\/\/demo.scoutseurope-boulogne.fr\/index.php?rest_route=\/wp\/v2\/types\/page"}],"author":[{"embeddable":true,"href":"https:\/\/demo.scoutseurope-boulogne.fr\/index.php?rest_route=\/wp\/v2\/users\/1"}],"replies":[{"embeddable":true,"href":"https:\/\/demo.scoutseurope-boulogne.fr\/index.php?rest_route=%2Fwp%2Fv2%2Fcomments&post=1666"}],"version-history":[{"count":10,"href":"https:\/\/demo.scoutseurope-boulogne.fr\/index.php?rest_route=\/wp\/v2\/pages\/1666\/revisions"}],"predecessor-version":[{"id":2043,"href":"https:\/\/demo.scoutseurope-boulogne.fr\/index.php?rest_route=\/wp\/v2\/pages\/1666\/revisions\/2043"}],"wp:attachment":[{"href":"https:\/\/demo.scoutseurope-boulogne.fr\/index.php?rest_route=%2Fwp%2Fv2%2Fmedia&parent=1666"}],"curies":[{"name":"wp","href":"https:\/\/api.w.org\/{rel}","templated":true}]}}