{"id":1665,"date":"2025-07-18T09:10:57","date_gmt":"2025-07-18T09:10:57","guid":{"rendered":"https:\/\/demo.scoutseurope-boulogne.fr\/?page_id=1665"},"modified":"2026-01-23T13:22:21","modified_gmt":"2026-01-23T13:22:21","slug":"vie-du-groupe","status":"publish","type":"page","link":"https:\/\/demo.scoutseurope-boulogne.fr\/?page_id=1665","title":{"rendered":"Vie du Groupe"},"content":{"rendered":"\t\t<div data-elementor-type=\"wp-page\" data-elementor-id=\"1665\" class=\"elementor elementor-1665\">\n\t\t\t\t<div class=\"elementor-element elementor-element-b3cb396 e-flex e-con-boxed e-con e-parent\" data-id=\"b3cb396\" data-element_type=\"container\">\n\t\t\t\t\t<div class=\"e-con-inner\">\n\t\t\t\t<div class=\"elementor-element elementor-element-921b48c blackColor elementor-widget elementor-widget-wpo-khairah_title\" data-id=\"921b48c\" data-element_type=\"widget\" data-settings=\"{&quot;title_shape&quot;:{&quot;url&quot;:&quot;https:\\\/\\\/demo.scoutseurope-boulogne.fr\\\/wp-content\\\/plugins\\\/elementor\\\/assets\\\/images\\\/placeholder.png&quot;,&quot;id&quot;:&quot;&quot;,&quot;size&quot;:&quot;&quot;}}\" data-widget_type=\"wpo-khairah_title.default\">\n\t\t\t\t<div class=\"elementor-widget-container\">\n\t\t\t\t\t\t\t<div class=\"container\">\n\t\t\t<div class=\"row justify-content-center section-title-area\">\n\t\t\t\t<div class=\"col-lg-6\">\n\t\t\t\t\t<div class=\"section-title section-title2 text-center\">\n\t\t\t\t\t\t<div class=\"thumb-text\" >\n\t\t\t\t\t\t\t<span>activit\u00e9s<\/span>\t\t\t\t\t\t<\/div>\n\t\t\t\t\t\t<h2>Une ann\u00e9e scoute structur\u00e9e<\/h2><p>L\u2019ann\u00e9e d\u00e9bute traditionnellement par la journ\u00e9e de rentr\u00e9e, moment cl\u00e9 de rencontre entre les familles, les chefs et les jeunes. Pour l\u2019ann\u00e9e 2024\u20132025, cette rentr\u00e9e est fix\u00e9e au dimanche 22 septembre.\nElle marque le lancement officiel des activit\u00e9s et la pr\u00e9sentation du programme annuel aux familles.<\/p>\t\t\t\t\t<\/div>\n\t\t\t\t<\/div>\n\t\t\t<\/div>\n\t\t<\/div>\n\t\t\t\t<\/div>\n\t\t\t\t<\/div>\n\t\t\t\t<div class=\"elementor-element elementor-element-bc7dfa7 elementor-widget elementor-widget-wpo-khairah_accordion\" data-id=\"bc7dfa7\" data-element_type=\"widget\" data-widget_type=\"wpo-khairah_accordion.default\">\n\t\t\t\t<div class=\"elementor-widget-container\">\n\t\t\t\t\t\t\t<div class=\"theme-accordion\">\n\t\t\t<div class=\"accordion\" id=\"accordionExample\">\n\t\t\t\t\t\t\t\t\t\t<div class=\"accordion-item\">\n\t\t\t\t\t\t\t<h3 class=\"accordion-header\" id=\"heading2\">\n\t            <button class=\"accordion-button\" type=\"button\" data-bs-toggle=\"collapse\" data-bs-target=\"#collapse2\" aria-expanded=\"true\" aria-controls=\"collapse2\">\n\t              sorties mensuelles\n\t            <\/button>\n\t        \t<\/h3>\t\t\t\t\t\t\t\t<div id=\"collapse2\" class=\"accordion-collapse collapse show\" aria-labelledby=\"heading2\" data-bs-parent=\"#accordionExample\">\n\t\t\t\t\t\t\t\t\t<div class=\"accordion-body\">\n\t\t\t\t\t\t\t\t\t\t<p>pour toutes les branches<\/p>\t\t\t\t\t\t\t\t\t<\/div>\n\t\t\t\t\t\t\t\t<\/div>\n\t\t\t\t\t\t\t\t\t\t\t\t\t<\/div>\n\t\t\t\t\t\t\t\t\t\t<div class=\"accordion-item\">\n\t\t\t\t\t\t\t<h3 class=\"accordion-header\" id=\"heading3\">\n\t            <button class=\"accordion-button\" type=\"button\" data-bs-toggle=\"collapse\" data-bs-target=\"#collapse3\" aria-expanded=\"true\" aria-controls=\"collapse3\">\n\t              week-ends d\u2019unit\u00e9\n\t            <\/button>\n\t        \t<\/h3>\t\t\t\t\t\t\t\t<div id=\"collapse3\" class=\"accordion-collapse collapse \" aria-labelledby=\"heading3\" data-bs-parent=\"#accordionExample\">\n\t\t\t\t\t\t\t\t\t<div class=\"accordion-body\">\n\t\t\t\t\t\t\t\t\t\t<p>printemps ou tout au long de l\u2019ann\u00e9e selon l\u2019\u00e2ge<\/p>\t\t\t\t\t\t\t\t\t<\/div>\n\t\t\t\t\t\t\t\t<\/div>\n\t\t\t\t\t\t\t\t\t\t\t\t\t<\/div>\n\t\t\t\t\t\t\t\t\t\t<div class=\"accordion-item\">\n\t\t\t\t\t\t\t<h3 class=\"accordion-header\" id=\"heading4\">\n\t            <button class=\"accordion-button\" type=\"button\" data-bs-toggle=\"collapse\" data-bs-target=\"#collapse4\" aria-expanded=\"true\" aria-controls=\"collapse4\">\n\t              temps de groupe\n\t            <\/button>\n\t        \t<\/h3>\t\t\t\t\t\t\t\t<div id=\"collapse4\" class=\"accordion-collapse collapse \" aria-labelledby=\"heading4\" data-bs-parent=\"#accordionExample\">\n\t\t\t\t\t\t\t\t\t<div class=\"accordion-body\">\n\t\t\t\t\t\t\t\t\t\t<p>favorisant la coh\u00e9sion entre les diff\u00e9rentes unit\u00e9s.<\/p>\t\t\t\t\t\t\t\t\t<\/div>\n\t\t\t\t\t\t\t\t<\/div>\n\t\t\t\t\t\t\t\t\t\t\t\t\t<\/div>\n\t\t\t\t\t\t\t<\/div>\n\t\t<\/div>\n\t\t\t\t<\/div>\n\t\t\t\t<\/div>\n\t\t\t\t<div class=\"elementor-element elementor-element-ff9989a elementor-widget elementor-widget-image-gallery\" data-id=\"ff9989a\" data-element_type=\"widget\" data-widget_type=\"image-gallery.default\">\n\t\t\t\t\t\t\t<div class=\"elementor-image-gallery\">\n\t\t\t<div id='gallery-1' class='gallery galleryid-1665 gallery-columns-4 gallery-size-thumbnail'><figure class='gallery-item'>\n\t\t\t<div class='gallery-icon landscape'>\n\t\t\t\t<a data-elementor-open-lightbox=\"yes\" data-elementor-lightbox-slideshow=\"ff9989a\" data-elementor-lightbox-title=\"20230603_202020\" data-e-action-hash=\"#elementor-action%3Aaction%3Dlightbox%26settings%3DeyJpZCI6MTc4NCwidXJsIjoiaHR0cHM6XC9cL2RlbW8uc2NvdXRzZXVyb3BlLWJvdWxvZ25lLmZyXC93cC1jb250ZW50XC91cGxvYWRzXC8yMDI2XC8wMVwvMjAyMzA2MDNfMjAyMDIwLXNjYWxlZC5qcGciLCJzbGlkZXNob3ciOiJmZjk5ODlhIn0%3D\" href='https:\/\/demo.scoutseurope-boulogne.fr\/wp-content\/uploads\/2026\/01\/20230603_202020-scaled.jpg'><img decoding=\"async\" width=\"150\" height=\"150\" src=\"https:\/\/demo.scoutseurope-boulogne.fr\/wp-content\/uploads\/2026\/01\/20230603_202020-150x150.jpg\" class=\"attachment-thumbnail size-thumbnail\" alt=\"\" srcset=\"https:\/\/demo.scoutseurope-boulogne.fr\/wp-content\/uploads\/2026\/01\/20230603_202020-150x150.jpg 150w, https:\/\/demo.scoutseurope-boulogne.fr\/wp-content\/uploads\/2026\/01\/20230603_202020-80x80.jpg 80w\" sizes=\"(max-width: 150px) 100vw, 150px\" \/><\/a>\n\t\t\t<\/div><\/figure><figure class='gallery-item'>\n\t\t\t<div class='gallery-icon landscape'>\n\t\t\t\t<a data-elementor-open-lightbox=\"yes\" data-elementor-lightbox-slideshow=\"ff9989a\" data-elementor-lightbox-title=\"20230603_201143\" data-e-action-hash=\"#elementor-action%3Aaction%3Dlightbox%26settings%3DeyJpZCI6MTc4MywidXJsIjoiaHR0cHM6XC9cL2RlbW8uc2NvdXRzZXVyb3BlLWJvdWxvZ25lLmZyXC93cC1jb250ZW50XC91cGxvYWRzXC8yMDI2XC8wMVwvMjAyMzA2MDNfMjAxMTQzLXNjYWxlZC5qcGciLCJzbGlkZXNob3ciOiJmZjk5ODlhIn0%3D\" href='https:\/\/demo.scoutseurope-boulogne.fr\/wp-content\/uploads\/2026\/01\/20230603_201143-scaled.jpg'><img decoding=\"async\" width=\"150\" height=\"150\" src=\"https:\/\/demo.scoutseurope-boulogne.fr\/wp-content\/uploads\/2026\/01\/20230603_201143-150x150.jpg\" class=\"attachment-thumbnail size-thumbnail\" alt=\"\" srcset=\"https:\/\/demo.scoutseurope-boulogne.fr\/wp-content\/uploads\/2026\/01\/20230603_201143-150x150.jpg 150w, https:\/\/demo.scoutseurope-boulogne.fr\/wp-content\/uploads\/2026\/01\/20230603_201143-80x80.jpg 80w\" sizes=\"(max-width: 150px) 100vw, 150px\" \/><\/a>\n\t\t\t<\/div><\/figure><figure class='gallery-item'>\n\t\t\t<div class='gallery-icon landscape'>\n\t\t\t\t<a data-elementor-open-lightbox=\"yes\" data-elementor-lightbox-slideshow=\"ff9989a\" data-elementor-lightbox-title=\"20230603_164646\" data-e-action-hash=\"#elementor-action%3Aaction%3Dlightbox%26settings%3DeyJpZCI6MTc4MSwidXJsIjoiaHR0cHM6XC9cL2RlbW8uc2NvdXRzZXVyb3BlLWJvdWxvZ25lLmZyXC93cC1jb250ZW50XC91cGxvYWRzXC8yMDI2XC8wMVwvMjAyMzA2MDNfMTY0NjQ2LXNjYWxlZC5qcGciLCJzbGlkZXNob3ciOiJmZjk5ODlhIn0%3D\" href='https:\/\/demo.scoutseurope-boulogne.fr\/wp-content\/uploads\/2026\/01\/20230603_164646-scaled.jpg'><img decoding=\"async\" width=\"150\" height=\"150\" src=\"https:\/\/demo.scoutseurope-boulogne.fr\/wp-content\/uploads\/2026\/01\/20230603_164646-150x150.jpg\" class=\"attachment-thumbnail size-thumbnail\" alt=\"\" srcset=\"https:\/\/demo.scoutseurope-boulogne.fr\/wp-content\/uploads\/2026\/01\/20230603_164646-150x150.jpg 150w, https:\/\/demo.scoutseurope-boulogne.fr\/wp-content\/uploads\/2026\/01\/20230603_164646-80x80.jpg 80w\" sizes=\"(max-width: 150px) 100vw, 150px\" \/><\/a>\n\t\t\t<\/div><\/figure><figure class='gallery-item'>\n\t\t\t<div class='gallery-icon landscape'>\n\t\t\t\t<a data-elementor-open-lightbox=\"yes\" data-elementor-lightbox-slideshow=\"ff9989a\" data-elementor-lightbox-title=\"20230603_112125\" data-e-action-hash=\"#elementor-action%3Aaction%3Dlightbox%26settings%3DeyJpZCI6MTc4MCwidXJsIjoiaHR0cHM6XC9cL2RlbW8uc2NvdXRzZXVyb3BlLWJvdWxvZ25lLmZyXC93cC1jb250ZW50XC91cGxvYWRzXC8yMDI2XC8wMVwvMjAyMzA2MDNfMTEyMTI1LXNjYWxlZC5qcGciLCJzbGlkZXNob3ciOiJmZjk5ODlhIn0%3D\" href='https:\/\/demo.scoutseurope-boulogne.fr\/wp-content\/uploads\/2026\/01\/20230603_112125-scaled.jpg'><img loading=\"lazy\" decoding=\"async\" width=\"150\" height=\"150\" src=\"https:\/\/demo.scoutseurope-boulogne.fr\/wp-content\/uploads\/2026\/01\/20230603_112125-150x150.jpg\" class=\"attachment-thumbnail size-thumbnail\" alt=\"\" srcset=\"https:\/\/demo.scoutseurope-boulogne.fr\/wp-content\/uploads\/2026\/01\/20230603_112125-150x150.jpg 150w, https:\/\/demo.scoutseurope-boulogne.fr\/wp-content\/uploads\/2026\/01\/20230603_112125-80x80.jpg 80w\" sizes=\"(max-width: 150px) 100vw, 150px\" \/><\/a>\n\t\t\t<\/div><\/figure><figure class='gallery-item'>\n\t\t\t<div class='gallery-icon landscape'>\n\t\t\t\t<a data-elementor-open-lightbox=\"yes\" data-elementor-lightbox-slideshow=\"ff9989a\" data-elementor-lightbox-title=\"IMG_20220424_174706\" data-e-action-hash=\"#elementor-action%3Aaction%3Dlightbox%26settings%3DeyJpZCI6MTc3NCwidXJsIjoiaHR0cHM6XC9cL2RlbW8uc2NvdXRzZXVyb3BlLWJvdWxvZ25lLmZyXC93cC1jb250ZW50XC91cGxvYWRzXC8yMDI2XC8wMVwvSU1HXzIwMjIwNDI0XzE3NDcwNi1zY2FsZWQuanBnIiwic2xpZGVzaG93IjoiZmY5OTg5YSJ9\" href='https:\/\/demo.scoutseurope-boulogne.fr\/wp-content\/uploads\/2026\/01\/IMG_20220424_174706-scaled.jpg'><img loading=\"lazy\" decoding=\"async\" width=\"150\" height=\"150\" src=\"https:\/\/demo.scoutseurope-boulogne.fr\/wp-content\/uploads\/2026\/01\/IMG_20220424_174706-150x150.jpg\" class=\"attachment-thumbnail size-thumbnail\" alt=\"\" srcset=\"https:\/\/demo.scoutseurope-boulogne.fr\/wp-content\/uploads\/2026\/01\/IMG_20220424_174706-150x150.jpg 150w, https:\/\/demo.scoutseurope-boulogne.fr\/wp-content\/uploads\/2026\/01\/IMG_20220424_174706-80x80.jpg 80w\" sizes=\"(max-width: 150px) 100vw, 150px\" \/><\/a>\n\t\t\t<\/div><\/figure><figure class='gallery-item'>\n\t\t\t<div class='gallery-icon portrait'>\n\t\t\t\t<a data-elementor-open-lightbox=\"yes\" data-elementor-lightbox-slideshow=\"ff9989a\" data-elementor-lightbox-title=\"IMG_4275\" data-e-action-hash=\"#elementor-action%3Aaction%3Dlightbox%26settings%3DeyJpZCI6MTc3MSwidXJsIjoiaHR0cHM6XC9cL2RlbW8uc2NvdXRzZXVyb3BlLWJvdWxvZ25lLmZyXC93cC1jb250ZW50XC91cGxvYWRzXC8yMDI2XC8wMVwvSU1HXzQyNzUuanBnIiwic2xpZGVzaG93IjoiZmY5OTg5YSJ9\" href='https:\/\/demo.scoutseurope-boulogne.fr\/wp-content\/uploads\/2026\/01\/IMG_4275.jpg'><img loading=\"lazy\" decoding=\"async\" width=\"150\" height=\"150\" src=\"https:\/\/demo.scoutseurope-boulogne.fr\/wp-content\/uploads\/2026\/01\/IMG_4275-150x150.jpg\" class=\"attachment-thumbnail size-thumbnail\" alt=\"\" srcset=\"https:\/\/demo.scoutseurope-boulogne.fr\/wp-content\/uploads\/2026\/01\/IMG_4275-150x150.jpg 150w, https:\/\/demo.scoutseurope-boulogne.fr\/wp-content\/uploads\/2026\/01\/IMG_4275-80x80.jpg 80w\" sizes=\"(max-width: 150px) 100vw, 150px\" \/><\/a>\n\t\t\t<\/div><\/figure><figure class='gallery-item'>\n\t\t\t<div class='gallery-icon landscape'>\n\t\t\t\t<a data-elementor-open-lightbox=\"yes\" data-elementor-lightbox-slideshow=\"ff9989a\" data-elementor-lightbox-title=\"IMG_4145\" data-e-action-hash=\"#elementor-action%3Aaction%3Dlightbox%26settings%3DeyJpZCI6MTc2OCwidXJsIjoiaHR0cHM6XC9cL2RlbW8uc2NvdXRzZXVyb3BlLWJvdWxvZ25lLmZyXC93cC1jb250ZW50XC91cGxvYWRzXC8yMDI2XC8wMVwvSU1HXzQxNDUuanBnIiwic2xpZGVzaG93IjoiZmY5OTg5YSJ9\" href='https:\/\/demo.scoutseurope-boulogne.fr\/wp-content\/uploads\/2026\/01\/IMG_4145.jpg'><img loading=\"lazy\" decoding=\"async\" width=\"150\" height=\"150\" src=\"https:\/\/demo.scoutseurope-boulogne.fr\/wp-content\/uploads\/2026\/01\/IMG_4145-150x150.jpg\" class=\"attachment-thumbnail size-thumbnail\" alt=\"\" srcset=\"https:\/\/demo.scoutseurope-boulogne.fr\/wp-content\/uploads\/2026\/01\/IMG_4145-150x150.jpg 150w, https:\/\/demo.scoutseurope-boulogne.fr\/wp-content\/uploads\/2026\/01\/IMG_4145-80x80.jpg 80w\" sizes=\"(max-width: 150px) 100vw, 150px\" \/><\/a>\n\t\t\t<\/div><\/figure><figure class='gallery-item'>\n\t\t\t<div class='gallery-icon portrait'>\n\t\t\t\t<a data-elementor-open-lightbox=\"yes\" data-elementor-lightbox-slideshow=\"ff9989a\" data-elementor-lightbox-title=\"IMG_0409\" data-e-action-hash=\"#elementor-action%3Aaction%3Dlightbox%26settings%3DeyJpZCI6MTc1OCwidXJsIjoiaHR0cHM6XC9cL2RlbW8uc2NvdXRzZXVyb3BlLWJvdWxvZ25lLmZyXC93cC1jb250ZW50XC91cGxvYWRzXC8yMDI2XC8wMVwvSU1HXzA0MDktc2NhbGVkLmpwZyIsInNsaWRlc2hvdyI6ImZmOTk4OWEifQ%3D%3D\" href='https:\/\/demo.scoutseurope-boulogne.fr\/wp-content\/uploads\/2026\/01\/IMG_0409-scaled.jpg'><img loading=\"lazy\" decoding=\"async\" width=\"150\" height=\"150\" src=\"https:\/\/demo.scoutseurope-boulogne.fr\/wp-content\/uploads\/2026\/01\/IMG_0409-150x150.jpg\" class=\"attachment-thumbnail size-thumbnail\" alt=\"\" srcset=\"https:\/\/demo.scoutseurope-boulogne.fr\/wp-content\/uploads\/2026\/01\/IMG_0409-150x150.jpg 150w, https:\/\/demo.scoutseurope-boulogne.fr\/wp-content\/uploads\/2026\/01\/IMG_0409-80x80.jpg 80w\" sizes=\"(max-width: 150px) 100vw, 150px\" \/><\/a>\n\t\t\t<\/div><\/figure><figure class='gallery-item'>\n\t\t\t<div class='gallery-icon landscape'>\n\t\t\t\t<a data-elementor-open-lightbox=\"yes\" data-elementor-lightbox-slideshow=\"ff9989a\" data-elementor-lightbox-title=\"20240407_174034465_iOS\" data-e-action-hash=\"#elementor-action%3Aaction%3Dlightbox%26settings%3DeyJpZCI6MTc1MiwidXJsIjoiaHR0cHM6XC9cL2RlbW8uc2NvdXRzZXVyb3BlLWJvdWxvZ25lLmZyXC93cC1jb250ZW50XC91cGxvYWRzXC8yMDI2XC8wMVwvMjAyNDA0MDdfMTc0MDM0NDY1X2lPUy1zY2FsZWQuanBnIiwic2xpZGVzaG93IjoiZmY5OTg5YSJ9\" href='https:\/\/demo.scoutseurope-boulogne.fr\/wp-content\/uploads\/2026\/01\/20240407_174034465_iOS-scaled.jpg'><img loading=\"lazy\" decoding=\"async\" width=\"150\" height=\"150\" src=\"https:\/\/demo.scoutseurope-boulogne.fr\/wp-content\/uploads\/2026\/01\/20240407_174034465_iOS-150x150.jpg\" class=\"attachment-thumbnail size-thumbnail\" alt=\"\" srcset=\"https:\/\/demo.scoutseurope-boulogne.fr\/wp-content\/uploads\/2026\/01\/20240407_174034465_iOS-150x150.jpg 150w, https:\/\/demo.scoutseurope-boulogne.fr\/wp-content\/uploads\/2026\/01\/20240407_174034465_iOS-80x80.jpg 80w\" sizes=\"(max-width: 150px) 100vw, 150px\" \/><\/a>\n\t\t\t<\/div><\/figure>\n\t\t<\/div>\n\t\t<\/div>\n\t\t\t\t\t\t<\/div>\n\t\t\t\t\t<\/div>\n\t\t\t\t<\/div>\n\t\t\t\t<\/div>\n\t\t","protected":false},"excerpt":{"rendered":"activit\u00e9s Une ann\u00e9e scoute structur\u00e9e L\u2019ann\u00e9e d\u00e9bute traditionnellement par la journ\u00e9e de rentr\u00e9e, moment cl\u00e9 de rencontre entre les familles, les chefs et les jeunes. Pour l\u2019ann\u00e9e 2024\u20132025, cette rentr\u00e9e est fix\u00e9e au dimanche 22 septembre. Elle marque le lancement officiel des activit\u00e9s et la pr\u00e9sentation du programme annuel aux familles. sorties mensuelles pour toutes ","protected":false},"author":1,"featured_media":0,"parent":0,"menu_order":0,"comment_status":"closed","ping_status":"closed","template":"","meta":{"give_campaign_id":0,"inline_featured_image":false,"_monsterinsights_skip_tracking":false,"_monsterinsights_sitenote_active":false,"_monsterinsights_sitenote_note":"","_monsterinsights_sitenote_category":0,"footnotes":""},"class_list":["post-1665","page","type-page","status-publish","hentry"],"aioseo_notices":[],"campaignId":"","_links":{"self":[{"href":"https:\/\/demo.scoutseurope-boulogne.fr\/index.php?rest_route=\/wp\/v2\/pages\/1665","targetHints":{"allow":["GET"]}}],"collection":[{"href":"https:\/\/demo.scoutseurope-boulogne.fr\/index.php?rest_route=\/wp\/v2\/pages"}],"about":[{"href":"https:\/\/demo.scoutseurope-boulogne.fr\/index.php?rest_route=\/wp\/v2\/types\/page"}],"author":[{"embeddable":true,"href":"https:\/\/demo.scoutseurope-boulogne.fr\/index.php?rest_route=\/wp\/v2\/users\/1"}],"replies":[{"embeddable":true,"href":"https:\/\/demo.scoutseurope-boulogne.fr\/index.php?rest_route=%2Fwp%2Fv2%2Fcomments&post=1665"}],"version-history":[{"count":19,"href":"https:\/\/demo.scoutseurope-boulogne.fr\/index.php?rest_route=\/wp\/v2\/pages\/1665\/revisions"}],"predecessor-version":[{"id":2040,"href":"https:\/\/demo.scoutseurope-boulogne.fr\/index.php?rest_route=\/wp\/v2\/pages\/1665\/revisions\/2040"}],"wp:attachment":[{"href":"https:\/\/demo.scoutseurope-boulogne.fr\/index.php?rest_route=%2Fwp%2Fv2%2Fmedia&parent=1665"}],"curies":[{"name":"wp","href":"https:\/\/api.w.org\/{rel}","templated":true}]}}