{"id":1661,"date":"2025-07-18T09:10:57","date_gmt":"2025-07-18T09:10:57","guid":{"rendered":"https:\/\/demo.scoutseurope-boulogne.fr\/?page_id=1661"},"modified":"2026-02-04T10:26:08","modified_gmt":"2026-02-04T10:26:08","slug":"le-groupe","status":"publish","type":"page","link":"https:\/\/demo.scoutseurope-boulogne.fr\/?page_id=1661","title":{"rendered":"Le Groupe"},"content":{"rendered":"\t\t<div data-elementor-type=\"wp-page\" data-elementor-id=\"1661\" class=\"elementor elementor-1661\">\n\t\t\t\t<div class=\"elementor-element elementor-element-9e95c92 e-flex e-con-boxed e-con e-parent\" data-id=\"9e95c92\" data-element_type=\"container\">\n\t\t\t\t\t<div class=\"e-con-inner\">\n\t\t\t\t<div class=\"elementor-element elementor-element-7550684 blackColor elementor-widget elementor-widget-wpo-khairah_about\" data-id=\"7550684\" data-element_type=\"widget\" data-settings=\"{&quot;about_image&quot;:{&quot;url&quot;:&quot;https:\\\/\\\/demo.scoutseurope-boulogne.fr\\\/wp-content\\\/uploads\\\/2026\\\/01\\\/IMG_20220423_154451-scaled.jpg&quot;,&quot;id&quot;:1773,&quot;size&quot;:&quot;&quot;,&quot;alt&quot;:&quot;&quot;,&quot;source&quot;:&quot;library&quot;},&quot;about_shape&quot;:{&quot;url&quot;:&quot;https:\\\/\\\/wpolive.com\\\/khairah\\\/wp-content\\\/uploads\\\/2023\\\/02\\\/shape2.png&quot;,&quot;id&quot;:84,&quot;size&quot;:&quot;&quot;,&quot;alt&quot;:&quot;&quot;,&quot;source&quot;:&quot;library&quot;},&quot;title_shape&quot;:{&quot;url&quot;:&quot;https:\\\/\\\/wpolive.com\\\/khairah\\\/wp-content\\\/uploads\\\/2023\\\/02\\\/comment2.png&quot;,&quot;id&quot;:106,&quot;size&quot;:&quot;&quot;,&quot;alt&quot;:&quot;&quot;,&quot;source&quot;:&quot;library&quot;}}\" data-widget_type=\"wpo-khairah_about.default\">\n\t\t\t\t<div class=\"elementor-widget-container\">\n\t\t\t\t\t\t\t<div class=\"about-area\">\n\t\t\t<div class=\"container\">\n\t\t\t\t<div class=\"row\">\n\t\t\t\t\t<div class=\"col-lg-5 col-md-12  grid col-12\">\n\t\t\t\t\t\t<div class=\"about-cercle\">\n\t\t\t\t\t\t\t<div class=\"about-img\">\n\t\t\t\t\t\t\t\t<img decoding=\"async\" src=\"https:\/\/demo.scoutseurope-boulogne.fr\/wp-content\/uploads\/2026\/01\/IMG_20220423_154451-scaled.jpg\" alt=\"\">\t\t\t\t\t\t\t<\/div>\n\t\t\t\t\t\t<\/div>\n\t\t\t\t\t<\/div>\n\t\t\t\t\t<div class=\"col-lg-6 offset-lg-1 grid  col-md-12 col-12\">\n\t\t\t\t\t\t<div class=\"about-text\">\n\t\t\t\t\t\t\t<div class=\"section-title\">\n\t\t\t\t\t\t\t\t<div class=\"thumb-text\"  style=\"background-image: url( https:\/\/demo.scoutseurope-boulogne.fr\/wp-content\/uploads\/2023\/02\/comment2.png );\">\n\t\t\t\t\t\t\t\t\t<span>Le Groupe<\/span>\t\t\t\t\t\t\t\t<\/div>\n\t\t\t\t\t\t\t\t<h2>D\u00e9couvrir l\u2019identit\u00e9 du groupe Scouts d\u2019Europe<\/h2>\t\t\t\t\t\t\t<\/div>\n\t\t\t\t\t\t\t<p data-start=\"305\" data-end=\"543\">Cette page pr\u00e9sente l\u2019identit\u00e9 du groupe Scouts d\u2019Europe, son r\u00f4le \u00e9ducatif, son organisation et son engagement aupr\u00e8s des enfants et des jeunes \u00e0 travers le scoutisme europ\u00e9en.<\/p>\t\t\t\t\t\t\t<div class=\"ab-icon-area\">\n\t\t\t\t\t\t\t\t<div class=\"about-icon-wrap\">\n\t\t\t\t\t\t\t\t\t\t\t\t\t\t\t\t\t\t\t\t<div class=\"about-icon-item\">\n\t\t\t\t\t\t\t\t\t\t\t\t<div class=\"ab-icon\">\n\t\t\t\t\t\t\t\t\t\t\t\t\t\t\t\t\t\t\t\t\t\t\t\t\t<\/div>\n\t\t\t\t\t\t\t\t\t\t\t\t<div class=\"ab-text\">\n\t\t\t\t\t\t\t\t\t\t\t\t\t\t\t\t\t\t\t\t\t\t\t\t\t<\/div>\n\t\t\t\t\t\t\t\t\t\t\t<\/div>\n\t\t\t\t\t\t\t\t\t\t\t\t\t\t\t\t\t<\/div>\n\t\t\t\t\t\t\t<\/div>\n\t\t\t\t\t\t\t<div class=\"about-btn\">\n\t\t\t\t\t\t\t\t\t\t\t\t\t\t\t<\/div>\n\t\t\t\t\t\t<\/div>\n\t\t\t\t\t<\/div>\n\t\t\t\t<\/div>\n\t\t\t<\/div>\n\t\t\t<div class=\"ab-shape\">\n\t\t\t\t<img decoding=\"async\" src=\"https:\/\/demo.scoutseurope-boulogne.fr\/wp-content\/uploads\/2023\/02\/shape2.png\" alt=\"\">\t\t\t<\/div>\n\t\t<\/div>\n\t\t\t\t<\/div>\n\t\t\t\t<\/div>\n\t\t\t\t\t<\/div>\n\t\t\t\t<\/div>\n\t\t<div class=\"elementor-element elementor-element-71a25a9 e-flex e-con-boxed e-con e-parent\" data-id=\"71a25a9\" data-element_type=\"container\">\n\t\t\t\t\t<div class=\"e-con-inner\">\n\t\t\t\t<div class=\"elementor-element elementor-element-ff45574 blackColor elementor-widget elementor-widget-text-editor\" data-id=\"ff45574\" data-element_type=\"widget\" data-widget_type=\"text-editor.default\">\n\t\t\t\t\t\t\t\t\t<h3 data-start=\"749\" data-end=\"761\">Histoire<\/h3><p data-start=\"762\" data-end=\"972\">Le groupe Scouts d\u2019Europe de Boulogne-Billancourt s\u2019est construit progressivement gr\u00e2ce \u00e0 l\u2019engagement de familles et de responsables d\u00e9sireux de proposer un cadre \u00e9ducatif structurant aux jeunes de la commune.<\/p><p data-start=\"974\" data-end=\"1183\">Au fil des ann\u00e9es, le groupe s\u2019est d\u00e9velopp\u00e9 autour de ses unit\u00e9s, en restant fid\u00e8le \u00e0 la p\u00e9dagogie scoute europ\u00e9enne et \u00e0 son ancrage local, tout en participant activement \u00e0 la vie associative et paroissiale.<\/p><hr data-start=\"1185\" data-end=\"1188\" \/><h3 data-start=\"1190\" data-end=\"1207\">Vie du groupe<\/h3><p data-start=\"1208\" data-end=\"1242\">La vie du groupe est rythm\u00e9e par :<\/p><ul data-start=\"1243\" data-end=\"1362\"><li data-start=\"1243\" data-end=\"1268\"><p data-start=\"1245\" data-end=\"1268\">des sorties r\u00e9guli\u00e8res,<\/p><\/li><li data-start=\"1269\" data-end=\"1294\"><p data-start=\"1271\" data-end=\"1294\">des week-ends et camps,<\/p><\/li><li data-start=\"1295\" data-end=\"1362\"><p data-start=\"1297\" data-end=\"1362\">des temps forts communs (rentr\u00e9e, c\u00e9l\u00e9brations, f\u00eates de groupe).<\/p><\/li><\/ul><p data-start=\"1364\" data-end=\"1509\">Ces moments permettent aux jeunes de vivre pleinement l\u2019esprit scout : fraternit\u00e9, entraide, joie, sens des responsabilit\u00e9s et respect de chacun.<\/p><hr data-start=\"1511\" data-end=\"1514\" \/><h3 data-start=\"1516\" data-end=\"1539\">P\u00e9dagogie &amp; valeurs<\/h3><p data-start=\"1540\" data-end=\"1583\">La p\u00e9dagogie scoute europ\u00e9enne repose sur :<\/p><ul data-start=\"1584\" data-end=\"1740\"><li data-start=\"1584\" data-end=\"1611\"><p data-start=\"1586\" data-end=\"1611\">l\u2019\u00e9ducation par l\u2019action,<\/p><\/li><li data-start=\"1612\" data-end=\"1639\"><p data-start=\"1614\" data-end=\"1639\">la vie en petits groupes,<\/p><\/li><li data-start=\"1640\" data-end=\"1669\"><p data-start=\"1642\" data-end=\"1669\">la progression personnelle,<\/p><\/li><li data-start=\"1670\" data-end=\"1699\"><p data-start=\"1672\" data-end=\"1699\">l\u2019engagement et le service,<\/p><\/li><li data-start=\"1700\" data-end=\"1740\"><p data-start=\"1702\" data-end=\"1740\">le respect de la nature et des autres.<\/p><\/li><\/ul><p data-start=\"1742\" data-end=\"1836\">Chaque enfant est accompagn\u00e9 dans son d\u00e9veloppement humain, social et spirituel, \u00e0 son rythme.<\/p><hr data-start=\"1838\" data-end=\"1841\" \/><h3 data-start=\"1843\" data-end=\"1873\">Organisation &amp; encadrement<\/h3><p data-start=\"1874\" data-end=\"1937\">Le groupe est structur\u00e9 en unit\u00e9s adapt\u00e9es \u00e0 l\u2019\u00e2ge des jeunes :<\/p><ul data-start=\"1938\" data-end=\"2011\"><li data-start=\"1938\" data-end=\"1977\"><p data-start=\"1940\" data-end=\"1977\">Louveteaux et Louvettes (8 \u00e0 12 ans),<\/p><\/li><li data-start=\"1978\" data-end=\"2011\"><p data-start=\"1980\" data-end=\"2011\">Scouts et Guides (12 \u00e0 17 ans).<\/p><\/li><\/ul><p data-start=\"2013\" data-end=\"2159\">L\u2019encadrement est assur\u00e9 par des chefs et cheftaines b\u00e9n\u00e9voles, form\u00e9s selon les exigences du mouvement, et accompagn\u00e9s par la ma\u00eetrise de groupe.<\/p>\t\t\t\t\t\t\t\t<\/div>\n\t\t\t\t\t<\/div>\n\t\t\t\t<\/div>\n\t\t\t\t<\/div>\n\t\t","protected":false},"excerpt":{"rendered":"Le Groupe D\u00e9couvrir l\u2019identit\u00e9 du groupe Scouts d\u2019Europe Cette page pr\u00e9sente l\u2019identit\u00e9 du groupe Scouts d\u2019Europe, son r\u00f4le \u00e9ducatif, son organisation et son engagement aupr\u00e8s des enfants et des jeunes \u00e0 travers le scoutisme europ\u00e9en. Histoire Le groupe Scouts d\u2019Europe de Boulogne-Billancourt s\u2019est construit progressivement gr\u00e2ce \u00e0 l\u2019engagement de familles et de responsables d\u00e9sireux de ","protected":false},"author":1,"featured_media":0,"parent":0,"menu_order":0,"comment_status":"closed","ping_status":"closed","template":"","meta":{"give_campaign_id":0,"inline_featured_image":false,"_monsterinsights_skip_tracking":false,"_monsterinsights_sitenote_active":false,"_monsterinsights_sitenote_note":"","_monsterinsights_sitenote_category":0,"footnotes":""},"class_list":["post-1661","page","type-page","status-publish","hentry"],"aioseo_notices":[],"campaignId":"","_links":{"self":[{"href":"https:\/\/demo.scoutseurope-boulogne.fr\/index.php?rest_route=\/wp\/v2\/pages\/1661","targetHints":{"allow":["GET"]}}],"collection":[{"href":"https:\/\/demo.scoutseurope-boulogne.fr\/index.php?rest_route=\/wp\/v2\/pages"}],"about":[{"href":"https:\/\/demo.scoutseurope-boulogne.fr\/index.php?rest_route=\/wp\/v2\/types\/page"}],"author":[{"embeddable":true,"href":"https:\/\/demo.scoutseurope-boulogne.fr\/index.php?rest_route=\/wp\/v2\/users\/1"}],"replies":[{"embeddable":true,"href":"https:\/\/demo.scoutseurope-boulogne.fr\/index.php?rest_route=%2Fwp%2Fv2%2Fcomments&post=1661"}],"version-history":[{"count":61,"href":"https:\/\/demo.scoutseurope-boulogne.fr\/index.php?rest_route=\/wp\/v2\/pages\/1661\/revisions"}],"predecessor-version":[{"id":2161,"href":"https:\/\/demo.scoutseurope-boulogne.fr\/index.php?rest_route=\/wp\/v2\/pages\/1661\/revisions\/2161"}],"wp:attachment":[{"href":"https:\/\/demo.scoutseurope-boulogne.fr\/index.php?rest_route=%2Fwp%2Fv2%2Fmedia&parent=1661"}],"curies":[{"name":"wp","href":"https:\/\/api.w.org\/{rel}","templated":true}]}}